{"id":9416,"date":"2025-05-02T13:30:32","date_gmt":"2025-05-02T11:30:32","guid":{"rendered":"https:\/\/maos-unidas.org\/?page_id=9416"},"modified":"2025-05-02T13:31:54","modified_gmt":"2025-05-02T11:31:54","slug":"newsletter","status":"publish","type":"page","link":"https:\/\/maos-unidas.org\/pt\/newsletter\/","title":{"rendered":"Boletim informativo"},"content":{"rendered":"<h2>Mantenha-se conectado. Inspire-se.<\/h2><p>Assine nossa newsletter para receber as \u00faltimas hist\u00f3rias, atualiza\u00e7\u00f5es e insights sobre o nosso trabalho em Mo\u00e7ambique. Descubra como as comunidades est\u00e3o construindo um futuro resiliente ao clima \u2013 e como voc\u00ea pode fazer parte disso.<\/p>\n                <form method='post' enctype='multipart\/form-data' target='gform_ajax_frame_2' id='gform_2'  action='\/pt\/?page_id=9416&#038;fl_builder' data-formid='2' novalidate data-trp-original-action=\"\/?page_id=9416&#038;fl_builder\">\n                        <label class='gfield_label gform-field-label' for='input_2_1'>Primeiro nome (obrigat\u00f3rio)<\/label><input name='input_1' id='input_2_1' type='text' value='' class='large'   tabindex='2000' placeholder='Primeiro nome' aria-required=\"true\" aria-invalid=\"false\"   \/><label class='gfield_label gform-field-label' for='input_2_2'>Endere\u00e7o de e-mail (obrigat\u00f3rio)<\/label>\n                            <input name='input_2' id='input_2_2' type='email' value='' class='large' tabindex='2001'  placeholder='Endere\u00e7o de email' aria-required=\"true\" aria-invalid=\"false\"  \/>\n                        <label class='gfield_label gform-field-label' for='input_2_3'>E-mail<\/label><input name='input_3' id='input_2_3' type='text' value='' autocomplete='new-password'\/>Este campo \u00e9 para fins de valida\u00e7\u00e3o e n\u00e3o deve ser alterado.\n         <input type='submit' id='gform_submit_button_2' class='gform_button button' onclick='gform.submission.handleButtonClick(this);' data-submission-type='submit' value='Enviar' tabindex='2002' \/> <input type='hidden' name='gform_ajax' value='form_id=2&amp;title=&amp;description=&amp;tabindex=2000&amp;theme=gravity-theme&amp;styles=[]&amp;hash=671b2076d036d58fb6a5db4a632f2d24' \/>\n            <input type='hidden' class='gform_hidden' name='gform_submission_method' data-js='gform_submission_method_2' value='iframe' \/>\n            <input type='hidden' class='gform_hidden' name='gform_theme' data-js='gform_theme_2' id='gform_theme_2' value='gravity-theme' \/>\n            <input type='hidden' class='gform_hidden' name='gform_style_settings' data-js='gform_style_settings_2' id='gform_style_settings_2' value='[]' \/>\n            <input type='hidden' class='gform_hidden' name='is_submit_2' value='1' \/>\n            <input type='hidden' class='gform_hidden' name='gform_submit' value='2' \/>\n            <input type='hidden' class='gform_hidden' name='gform_unique_id' value='' \/>\n            <input type='hidden' class='gform_hidden' name='state_2' value='WyJbXSIsIjljMzk2MDQyOWRlNDlkNDQyYWE3NDdiMGI2MjFiMDExIl0=' \/>\n            <input type='hidden' autocomplete='off' class='gform_hidden' name='gform_target_page_number_2' id='gform_target_page_number_2' value='0' \/>\n            <input type='hidden' autocomplete='off' class='gform_hidden' name='gform_source_page_number_2' id='gform_source_page_number_2' value='1' \/>\n            <input type='hidden' name='gform_field_values' value='' \/>\n                        <input type=\"hidden\" name=\"trp-form-language\" value=\"pt\"\/><\/form>\n\t\t                <iframe style='display:none;width:0px;height:0px;' src='about:blank' name='gform_ajax_frame_2' id='gform_ajax_frame_2' title='Este iframe cont\u00e9m a l\u00f3gica necess\u00e1ria para manipular Gravity Forms com tecnologia Ajax.'><\/iframe>","protected":false},"excerpt":{"rendered":"<p>Mantenha-se conectado. Inspire-se. Assine nossa newsletter para receber as \u00faltimas hist\u00f3rias, atualiza\u00e7\u00f5es e insights sobre o nosso trabalho em Mo\u00e7ambique. Descubra como as comunidades est\u00e3o construindo um futuro resiliente ao clima \u2013 e como voc\u00ea pode fazer parte disso. Nome (Obrigat\u00f3rio) Endere\u00e7o de e-mail (Obrigat\u00f3rio) E-mail Este campo \u00e9 para fins de valida\u00e7\u00e3o e deve ser deixado inalterado.<\/p>","protected":false},"author":987,"featured_media":0,"parent":0,"menu_order":0,"comment_status":"closed","ping_status":"closed","template":"","meta":{"footnotes":""},"class_list":["post-9416","page","type-page","status-publish","hentry"],"_links":{"self":[{"href":"https:\/\/maos-unidas.org\/pt\/wp-json\/wp\/v2\/pages\/9416","targetHints":{"allow":["GET"]}}],"collection":[{"href":"https:\/\/maos-unidas.org\/pt\/wp-json\/wp\/v2\/pages"}],"about":[{"href":"https:\/\/maos-unidas.org\/pt\/wp-json\/wp\/v2\/types\/page"}],"author":[{"embeddable":true,"href":"https:\/\/maos-unidas.org\/pt\/wp-json\/wp\/v2\/users\/987"}],"replies":[{"embeddable":true,"href":"https:\/\/maos-unidas.org\/pt\/wp-json\/wp\/v2\/comments?post=9416"}],"version-history":[{"count":3,"href":"https:\/\/maos-unidas.org\/pt\/wp-json\/wp\/v2\/pages\/9416\/revisions"}],"predecessor-version":[{"id":9472,"href":"https:\/\/maos-unidas.org\/pt\/wp-json\/wp\/v2\/pages\/9416\/revisions\/9472"}],"wp:attachment":[{"href":"https:\/\/maos-unidas.org\/pt\/wp-json\/wp\/v2\/media?parent=9416"}],"curies":[{"name":"wp","href":"https:\/\/api.w.org\/{rel}","templated":true}]}}