{"id":9400,"date":"2025-05-02T13:14:15","date_gmt":"2025-05-02T11:14:15","guid":{"rendered":"https:\/\/maos-unidas.org\/?page_id=9400"},"modified":"2025-06-20T11:22:56","modified_gmt":"2025-06-20T09:22:56","slug":"what","status":"publish","type":"page","link":"https:\/\/maos-unidas.org\/pt\/what\/","title":{"rendered":"O que fazemos"},"content":{"rendered":"<h1>\n  O que fazemos \n<\/h1>\n<p>Capacitamos as comunidades mo\u00e7ambicanas promovendo a resili\u00eancia clim\u00e1tica, a sustentabilidade e a lideran\u00e7a local para que possam enfrentar os desafios que enfrentam. Envolvemo-las como parceiras na concep\u00e7\u00e3o e implementa\u00e7\u00e3o de programas para garantir que as interven\u00e7\u00f5es atendam \u00e0s reais necessidades da comunidade, desenvolvam a capacidade local e aproveitem a experi\u00eancia local. Investimos em solu\u00e7\u00f5es escal\u00e1veis e inovadoras para o desenvolvimento da capacidade comunit\u00e1ria, resposta a emerg\u00eancias, gest\u00e3o ambiental, desenvolvimento de meios de subsist\u00eancia e gest\u00e3o da \u00e1gua. Quando ocorrem desastres, fornecemos a resposta de emerg\u00eancia adequada e permitimos que as comunidades se reconstruam. Promovemos comunidades resilientes ao clima, empoderadas e inclusivas, onde todos podem acessar servi\u00e7os essenciais e contribuir com suas habilidades e talentos. Nosso sonho s\u00e3o comunidades que gerem os recursos de forma respons\u00e1vel, pratiquem a gest\u00e3o ambiental, promovam o crescimento econ\u00f4mico diversificado e busquem uma melhor qualidade de vida para todos. Integramos a inclus\u00e3o de g\u00eanero e social em nossas iniciativas para criar oportunidades para grupos marginalizados e garantir que ningu\u00e9m seja deixado para tr\u00e1s. Nosso objetivo s\u00e3o comunidades onde todos possam acessar servi\u00e7os essenciais e desfrutar de uma melhor qualidade de vida. Colaboramos com comunidades, partes interessadas e parceiros p\u00fablicos e privados para alcan\u00e7ar nossos objetivos comuns, aumentar o impacto e fortalecer a responsabiliza\u00e7\u00e3o.<\/p>\n<h2>Contate-nos<\/h2><p>Tem alguma d\u00favida ou quer saber mais sobre o nosso trabalho? Adorar\u00edamos saber sua opini\u00e3o. Preencha o formul\u00e1rio abaixo e entraremos em contato em breve.<\/p>\n<a href=\"https:\/\/maos-unidas.org\/pt\/what\/\" target=\"_self\">\nContate-nos\n<\/a>\n<h2>\n  Nossos programas\n<\/h2>\nGest\u00e3o da \u00c1gua\n<p>Promovemos o acesso \u00e0 \u00e1gua pot\u00e1vel e ao saneamento b\u00e1sico.<\/p>\nMeios de subsist\u00eancia\n<p>Capacitamos comunidades rurais para melhorar suas condi\u00e7\u00f5es de vida e aumentar a resili\u00eancia.<\/p>\nResposta Humanit\u00e1ria \n<p>Implementamos interven\u00e7\u00f5es em cen\u00e1rios de emerg\u00eancia, como desastres naturais e crises sociais.<\/p>","protected":false},"excerpt":{"rendered":"<p>What we do We empower Mozambican communities by fostering climate resilience, sustainability, and local leadership so they can tackle the challenges they face. We engage them as partners in designing and implementing programmes to ensure interventions address real grassroots needs, build local capacity, and leverage local expertise.We invest in scalable, innovative solutions for community capacity [&hellip;]<\/p>\n","protected":false},"author":987,"featured_media":0,"parent":0,"menu_order":0,"comment_status":"closed","ping_status":"closed","template":"","meta":{"footnotes":""},"class_list":["post-9400","page","type-page","status-publish","hentry"],"_links":{"self":[{"href":"https:\/\/maos-unidas.org\/pt\/wp-json\/wp\/v2\/pages\/9400","targetHints":{"allow":["GET"]}}],"collection":[{"href":"https:\/\/maos-unidas.org\/pt\/wp-json\/wp\/v2\/pages"}],"about":[{"href":"https:\/\/maos-unidas.org\/pt\/wp-json\/wp\/v2\/types\/page"}],"author":[{"embeddable":true,"href":"https:\/\/maos-unidas.org\/pt\/wp-json\/wp\/v2\/users\/987"}],"replies":[{"embeddable":true,"href":"https:\/\/maos-unidas.org\/pt\/wp-json\/wp\/v2\/comments?post=9400"}],"version-history":[{"count":4,"href":"https:\/\/maos-unidas.org\/pt\/wp-json\/wp\/v2\/pages\/9400\/revisions"}],"predecessor-version":[{"id":9453,"href":"https:\/\/maos-unidas.org\/pt\/wp-json\/wp\/v2\/pages\/9400\/revisions\/9453"}],"wp:attachment":[{"href":"https:\/\/maos-unidas.org\/pt\/wp-json\/wp\/v2\/media?parent=9400"}],"curies":[{"name":"wp","href":"https:\/\/api.w.org\/{rel}","templated":true}]}}