{"id":52,"date":"2020-06-03T11:33:27","date_gmt":"2020-06-03T09:33:27","guid":{"rendered":"https:\/\/maos-unidas.org\/?page_id=52"},"modified":"2025-07-02T17:21:13","modified_gmt":"2025-07-02T15:21:13","slug":"updates","status":"publish","type":"page","link":"https:\/\/maos-unidas.org\/pt\/updates\/","title":{"rendered":"Atualiza\u00e7\u00f5es"},"content":{"rendered":"<h2>Insights e inspira\u00e7\u00e3o do campo<\/h2><p>Welcome to our blog &#8211; a space where we share stories, reflections, and updates from our work across Mozambique. Here, you&#8217;ll find articles that explore the challenges and opportunities in building climate-resilient, inclusive communities. From innovative water solutions to empowering livelihoods and responding to emergencies, our blog offers a closer look at the people, partnerships, and progress driving our mission forward. Stay connected with the impact we&#8217;re making &#8211; and the voices behind it.<\/p>\n<a href=\"https:\/\/maos-unidas.org\/pt\/amulaunch\/\">\n<h3>\nOfficial Launch of Associa\u00e7\u00e3o M\u00e3os Unidas (AMU) Marks a N&#8230;<\/h3>\nNhamatanda, 01 July 2025 &#8211; The official launch of Associa\u00e7\u00e3o M\u00e3os Unidas&#8230;\nRead\n<\/a>\n<a href=\"https:\/\/maos-unidas.org\/pt\/maos-unidas-a-new-chapter-begins-official-launch-in-chimoio\/\">\n<h3>\nM\u00e3os Unidas \u2013 Come\u00e7a um Novo Cap\u00edtulo: Lan\u00e7amento Oficial i\u2026<\/h3>\nFortalecendo nosso futuro resiliente ao clima Temos o prazer de anunciar o lan\u00e7amento oficial do M\u00e3os\u2026 Leia\n<\/a>\n<a href=\"https:\/\/maos-unidas.org\/pt\/access-to-drinking-water-improved-for-regina-from-mozambique\/\">\n<h3>\nAcesso \u00e0 \u00e1gua pot\u00e1vel melhorado para Regina de Mo\u00e7ambique<\/h3>\n\u00c1gua pot\u00e1vel limpa e segura n\u00e3o est\u00e1 dispon\u00edvel para todos em Mo\u00e7ambique. Devido \u00e0s inunda\u00e7\u00f5es,\u2026 Leia\n<\/a>\n<a href=\"https:\/\/maos-unidas.org\/pt\/adrian-from-mozambique-lost-everything-due-to-cyclone-idai\/\">\n<h3>\nAdrian de Mo\u00e7ambique perdeu tudo devido ao ciclone Idai<\/h3>\nEm 2019, o ciclone Idai varreu Mo\u00e7ambique. Devido ao ciclone e \u00e0s fortes chuvas, o rio\u2026 Leia\n<\/a>\n<a href=\"https:\/\/maos-unidas.org\/pt\/vitoria-from-mozambique-had-to-walk-four-kilometres-daily-for-water\/\">\n<h3>\nVitoria from Mozambique had to walk four kilometres daily fo&#8230;<\/h3>\nThe installation of the water system not only provided clean drinking water for the&#8230;\nRead\n<\/a>\n<a href=\"https:\/\/maos-unidas.org\/pt\/new-opportunity-for-inesi\/\">\n<h3>\nNova oportunidade para Inesi<\/h3>\nTaking care of a family of five children on your own is not easy, as Mozambican Inesi knows&#8230;\nRead\n<\/a>\n<a href=\"https:\/\/maos-unidas.org\/pt\/how-a-chicken-changed-farmer-andres-life-in-mozambique\/\">\n<h3>\nHow a chicken changed farmer Andre&#8217;s life in Mozambiqu&#8230;<\/h3>\nCan a chicken bring about a significant change in life? The 48-year-old Andre from Mozambique&#8230;\nRead\n<\/a>\n<!-- #content -->\n<!-- #container -->","protected":false},"excerpt":{"rendered":"<p>Insights and inspiration from the field Welcome to our blog &#8211; a space where we share stories, reflections, and updates from our work across Mozambique. Here, you&#8217;ll find articles that explore the challenges and opportunities in building climate-resilient, inclusive communities. From innovative water solutions to empowering livelihoods and responding to emergencies, our blog offers a [&hellip;]<\/p>\n","protected":false},"author":987,"featured_media":0,"parent":0,"menu_order":0,"comment_status":"closed","ping_status":"closed","template":"","meta":{"footnotes":""},"class_list":["post-52","page","type-page","status-publish","hentry"],"_links":{"self":[{"href":"https:\/\/maos-unidas.org\/pt\/wp-json\/wp\/v2\/pages\/52","targetHints":{"allow":["GET"]}}],"collection":[{"href":"https:\/\/maos-unidas.org\/pt\/wp-json\/wp\/v2\/pages"}],"about":[{"href":"https:\/\/maos-unidas.org\/pt\/wp-json\/wp\/v2\/types\/page"}],"author":[{"embeddable":true,"href":"https:\/\/maos-unidas.org\/pt\/wp-json\/wp\/v2\/users\/987"}],"replies":[{"embeddable":true,"href":"https:\/\/maos-unidas.org\/pt\/wp-json\/wp\/v2\/comments?post=52"}],"version-history":[{"count":7,"href":"https:\/\/maos-unidas.org\/pt\/wp-json\/wp\/v2\/pages\/52\/revisions"}],"predecessor-version":[{"id":9476,"href":"https:\/\/maos-unidas.org\/pt\/wp-json\/wp\/v2\/pages\/52\/revisions\/9476"}],"wp:attachment":[{"href":"https:\/\/maos-unidas.org\/pt\/wp-json\/wp\/v2\/media?parent=52"}],"curies":[{"name":"wp","href":"https:\/\/api.w.org\/{rel}","templated":true}]}}