{"id":43,"date":"2020-06-03T10:53:11","date_gmt":"2020-06-03T08:53:11","guid":{"rendered":"https:\/\/maos-unidas.org\/?page_id=43"},"modified":"2025-06-20T12:03:39","modified_gmt":"2025-06-20T10:03:39","slug":"contact","status":"publish","type":"page","link":"https:\/\/maos-unidas.org\/pt\/contact\/","title":{"rendered":"Contato"},"content":{"rendered":"<h2>\n  Informa\u00e7\u00f5es de contato\n<\/h2>\n<p>Associa\u00e7\u00e3o M\u00e3os Unidas<br \/>Mo\u00e7ambique<br \/><a href=\"mailto:info@maos-unidas.org\">info@maos-unidas.org<\/a><br \/><a href=\"tel:+25821418804\">+258 82 56 21 220<\/a><\/p>\n            \n<h2>\n  Contate-nos\n<\/h2>\n<p>Quer entrar em contato com a M\u00e3os Unidas? Use o formul\u00e1rio abaixo ou veja nossos dados de contato. Responderemos o mais breve poss\u00edvel.<\/p>\n                \n                        <label class='gfield_label gform-field-label' for='input_1_1'>Nome (obrigat\u00f3rio)<\/label><label class='gfield_label gform-field-label' for='input_1_2'>Endere\u00e7o de e-mail (obrigat\u00f3rio)<\/label>\n                            \n                        <label class='gfield_label gform-field-label' for='input_1_5'>Telefone (Obrigat\u00f3rio)<\/label><label class='gfield_label gform-field-label' for='input_1_4'>Eu postei<\/label><textarea name='input_4' id='input_1_4' class='textarea small' rows='10' cols='50'><\/textarea><label class='gfield_label gform-field-label' for='input_1_6'>Telefone<\/label>Este campo \u00e9 para fins de valida\u00e7\u00e3o e n\u00e3o deve ser alterado.","protected":false},"excerpt":{"rendered":"<p>Informa\u00e7\u00f5es de contato Associa\u00e7\u00e3o M\u00e3os UnidasMozambiqueinfo@maos-unidas.org+258 82 56 21 220 Fale conosco Deseja entrar em contato com a M\u00e3os Unidas? Use o formul\u00e1rio abaixo ou encontre nossos dados de contato. Responderemos o mais breve poss\u00edvel. Nome (obrigat\u00f3rio) Endere\u00e7o de e-mail (obrigat\u00f3rio) Telefone (obrigat\u00f3rio) Je berichtTelefone Este campo \u00e9 para fins de valida\u00e7\u00e3o e deve ser deixado inalterado.<\/p>","protected":false},"author":987,"featured_media":0,"parent":0,"menu_order":0,"comment_status":"closed","ping_status":"closed","template":"","meta":{"footnotes":""},"class_list":["post-43","page","type-page","status-publish","hentry"],"_links":{"self":[{"href":"https:\/\/maos-unidas.org\/pt\/wp-json\/wp\/v2\/pages\/43","targetHints":{"allow":["GET"]}}],"collection":[{"href":"https:\/\/maos-unidas.org\/pt\/wp-json\/wp\/v2\/pages"}],"about":[{"href":"https:\/\/maos-unidas.org\/pt\/wp-json\/wp\/v2\/types\/page"}],"author":[{"embeddable":true,"href":"https:\/\/maos-unidas.org\/pt\/wp-json\/wp\/v2\/users\/987"}],"replies":[{"embeddable":true,"href":"https:\/\/maos-unidas.org\/pt\/wp-json\/wp\/v2\/comments?post=43"}],"version-history":[{"count":5,"href":"https:\/\/maos-unidas.org\/pt\/wp-json\/wp\/v2\/pages\/43\/revisions"}],"predecessor-version":[{"id":9465,"href":"https:\/\/maos-unidas.org\/pt\/wp-json\/wp\/v2\/pages\/43\/revisions\/9465"}],"wp:attachment":[{"href":"https:\/\/maos-unidas.org\/pt\/wp-json\/wp\/v2\/media?parent=43"}],"curies":[{"name":"wp","href":"https:\/\/api.w.org\/{rel}","templated":true}]}}